{"id":406,"date":"2021-05-27T09:53:24","date_gmt":"2021-05-27T13:53:24","guid":{"rendered":"http:\/\/ayuntamientoguayubin.gob.do\/transparencia\/?page_id=406"},"modified":"2021-06-10T11:09:39","modified_gmt":"2021-06-10T15:09:39","slug":"derecho-de-los-ciudadanos","status":"publish","type":"page","link":"https:\/\/ayuntamientoguayubin.gob.do\/transparencia\/derecho-de-los-ciudadanos\/","title":{"rendered":"Derecho de los ciudadanos."},"content":{"rendered":"<div id=\"post-4123\" class=\"post-4123 post type-post status-publish format-standard hentry category-politica tag-danae-mlynarz\">\n<div class=\"entry-content\">\n<p>\u00bfQu\u00e9 son los derechos ciudadanos? Son aquellos derechos e intereses que las personas tienen frente al Estado en su calidad de miembros de la comunidad nacional.<\/p>\n<p>Diversos autores distinguen entre una ciudadan\u00eda pasiva, aquella ciudadan\u00eda formal, consagrada legalmente que supone sujetos de derechos protegidos por el Estado, y una ciudadan\u00eda activa, que requiere la existencia de sujetos pol\u00edticos capaces de hacer exigibles sus derechos, de realizar pr\u00e1cticas aut\u00f3nomas, deliberantes y participativas.<\/p>\n<p>Al Estado le corresponde la noci\u00f3n de rendir cuentas (accountability) y a la sociedad civil la responsabilidad de ejercer control ciudadano y desarrollar ciudadan\u00eda activa.<\/p>\n<p>Ello significa que el Estado tiene una responsabilidad ante la ciudadan\u00eda y \u00e9sta a su vez tiene la tarea de exigir en conciencia el \u201cderecho a tener derechos\u201d y el cumplimiento de los compromisos sociales de los gobiernos en las materias correspondientes.<\/p>\n<p>La ciudadan\u00eda dice relaci\u00f3n con el fortalecimiento de las capacidades ciudadanas para actuar en el debate, gesti\u00f3n y fiscalizaci\u00f3n de la acci\u00f3n p\u00fablica, con autonom\u00eda y poder.<\/p>\n<p>Para viabilizar mecanismos que permitan construir una ciudadan\u00eda activa se han aprobado en los \u00faltimos a\u00f1os dos importantes leyes, lamentablemente a\u00fan poco difundidas y utilizadas por la gran mayor\u00eda de los y las ciudadanas de nuestro pa\u00eds.<\/p>\n<p>La Ley de Acceso a la Informaci\u00f3n P\u00fablica (20.285), promulgada el a\u00f1o 2008 e implementada a partir del a\u00f1o 2009, naci\u00f3 de una moci\u00f3n parlamentaria y establece mecanismos y sanciones para que el derecho a la informaci\u00f3n p\u00fablica sea tal, y todas y todos los ciudadanos podamos tener elementos para ejercer un mayor control ciudadano.<\/p>\n<p>La Ley de Participaci\u00f3n Ciudadana en la Gesti\u00f3n P\u00fablica (20.500), promulgada en febrero de 2011, naci\u00f3 de un mensaje del ejecutivo del a\u00f1o 2004 bajo el gobierno de Ricardo Lagos y tuvo una larga tramitaci\u00f3n que incluy\u00f3 todo el gobierno de la Presidenta Michelle Bachelet.<\/p>\n<p><strong>Esta ley tiene plazo de un a\u00f1o para entrar en ejecuci\u00f3n, pero se se\u00f1ala que el 16 de agosto de 2011 deben estar todos sus elementos normativos definidos. Ello quiere decir que las ordenanzas y los reglamentos que determinar\u00e1n su forma de operar tanto a nivel nacional (ministerios y servicios p\u00fablicos), como a nivel regional y local (municipalidades) deben generarse y estar aprobados antes de esa fecha. Estas normas ser\u00e1n de vital importancia para saber c\u00f3mo operar\u00e1 esta esperada Ley.<\/strong><\/p>\n<p>Depende de lo que establezcan dichos instrumentos\u00a0 ser\u00e1 posible que nosotros, los ciudadanos y ciudadanas de Chile, podamos ejercer nuestro derecho a la participaci\u00f3n en la gesti\u00f3n p\u00fablica.<\/p>\n<p>Queda poco tiempo para que estas definiciones est\u00e9n sancionadas, podamos ejercer un mayor control ciudadano y usemos la ley de acceso a la informaci\u00f3n p\u00fablica para conocer c\u00f3mo empiezan a perfilarse los consejos consultivos, hablemos con nuestros concejales y alcaldes para saber qu\u00e9 espacios le otorgar\u00e1n a la ciudadan\u00eda en las decisiones de nuestros territorios.<\/p>\n<p>No permitamos que una ley que cost\u00f3 tanto aprobar se convierta en letra muerta.<\/p>\n<\/div>\n<div class=\"entry-utility\"><\/div>\n<\/div>\n<div class=\"box_advertencia\">\n<p>Este es un espacio de libertad, por lo que soli<\/p>\n<\/div>\n","protected":false},"excerpt":{"rendered":"\u00bfQu\u00e9 son los derechos ciudadanos? Son aquellos derechos e intereses que las personas tienen frente al Estado en su calidad de miembros de la comunidad nacional. Diversos autores distinguen entre una ciudadan\u00eda pasiva, aquella ciudadan\u00eda formal, consagrada legalmente que supone sujetos de derechos protegidos por el Estado, y una ciudadan\u00eda activa, que requiere la existencia&#8230;","protected":false},"author":2,"featured_media":0,"parent":0,"menu_order":0,"comment_status":"closed","ping_status":"closed","template":"template-home.php","meta":[],"acf":[],"_links":{"self":[{"href":"https:\/\/ayuntamientoguayubin.gob.do\/transparencia\/wp-json\/wp\/v2\/pages\/406"}],"collection":[{"href":"https:\/\/ayuntamientoguayubin.gob.do\/transparencia\/wp-json\/wp\/v2\/pages"}],"about":[{"href":"https:\/\/ayuntamientoguayubin.gob.do\/transparencia\/wp-json\/wp\/v2\/types\/page"}],"author":[{"embeddable":true,"href":"https:\/\/ayuntamientoguayubin.gob.do\/transparencia\/wp-json\/wp\/v2\/users\/2"}],"replies":[{"embeddable":true,"href":"https:\/\/ayuntamientoguayubin.gob.do\/transparencia\/wp-json\/wp\/v2\/comments?post=406"}],"version-history":[{"count":1,"href":"https:\/\/ayuntamientoguayubin.gob.do\/transparencia\/wp-json\/wp\/v2\/pages\/406\/revisions"}],"predecessor-version":[{"id":407,"href":"https:\/\/ayuntamientoguayubin.gob.do\/transparencia\/wp-json\/wp\/v2\/pages\/406\/revisions\/407"}],"wp:attachment":[{"href":"https:\/\/ayuntamientoguayubin.gob.do\/transparencia\/wp-json\/wp\/v2\/media?parent=406"}],"curies":[{"name":"wp","href":"https:\/\/api.w.org\/{rel}","templated":true}]}}